{"id":280,"date":"2023-04-12T15:52:19","date_gmt":"2023-04-12T13:52:19","guid":{"rendered":"https:\/\/www.wieselukas.de\/imprint\/"},"modified":"2025-11-13T16:22:19","modified_gmt":"2025-11-13T15:22:19","slug":"imprint","status":"publish","type":"page","link":"https:\/\/www.wieselukas.de\/en\/imprint\/","title":{"rendered":"Imprint"},"content":{"rendered":"<p id=\"u10058-2\" class=\"blau-un\">at the same time<\/p>\n<p id=\"u10058-4\" class=\"blau-un\">List of partners and<\/p>\n<p id=\"u10058-6\" class=\"blau-un\">Information according to \u00a7 5 Telemediengesetz (Telemedia Act) (TMG), \u00a7\u00a7 2, 3 Dienstleistungs-Informationspflichten-Verordnung (Service Information Obligations Ordinance) (DL-InfoV)<\/p>\n<h2 id=\"u10058-9\" class=\"blau-un\"><span id=\"u10058-8\">Welcome to our website!<\/span><\/h2>\n<p id=\"u10058-14\" class=\"blau-un\">The provider of this website is WIESE LUKAS Partnerschaft von Rechtsanw\u00e4lten und Steuerberatern mbB<br \/>\n(also referred to as &#8220;WIESE LUKAS&#8221; on this website).<\/p>\n<h2 id=\"u10058-17\" class=\"blau-un\"><span id=\"u10058-16\">Legal form, list of partners, entry in the register<\/span><\/h2>\n<p id=\"u10058-23\" class=\"blau-un\">WIESE LUKAS is a partnership of attorneys and tax consultants with limited<br \/>\nprofessional liability in accordance with the Partnership Act.<\/p>\n<p id=\"u10058-25\" class=\"blau-un\">Partners of the partnership are<\/p>\n<p id=\"u10058-27\" class=\"blau-un\">\u2212 Prof. Dr. G\u00f6tz T. Wiese (lawyer \/ tax advisor \/ specialist lawyer for tax law),<\/p>\n<p class=\"blau-un\">\u2212 Dr. Philipp Lukas, LL.M. (American Univ.) (lawyer \/ tax advisor) and<\/p>\n<p id=\"u10058-29\" class=\"blau-un\">\u2212 Dr. Ulrich Wilke, LL.M. (Cambridge) (lawyer \/ tax advisor).<\/p>\n<p id=\"u10058-35\" class=\"blau-un\">The partnership is registered in the partnership register of the Hamburg local court under the<br \/>\nnumber <span id=\"u10058-33\">PR 1061<\/span>.<\/p>\n<p id=\"u10058-38\" class=\"blau-un\"><span id=\"u10058-37\">Address of the partnership and further contact details<\/span><\/p>\n<p id=\"u10058-40\" class=\"blau-un\">The offices of the firm are located at the following address:<\/p>\n<p id=\"u10058-43\" class=\"blau-un\">Gerhofstra\u00dfe 2<br \/>\n20354 Hamburg<\/p>\n<p id=\"u10058-48\" class=\"blau-un\">Telephone: +49.40.537.9919.00<br \/>\nFax: +49.40.537.9919.01<br \/>\nE-mail: <a class=\"nonblock\" href=\"mailto:info@wieselukas.de\">info@wieselukas.de<\/a><br \/>\nInternet: <a class=\"nonblock\" href=\"https:\/\/www.wieselukas.de\/en\/\">www.wieselukas.de<\/a><\/p>\n<h2 id=\"u10058-62\" class=\"blau-un\"><span id=\"u10058-61\">Professional title, competent chambers, professional regulations<\/span><\/h2>\n<h2 id=\"u10058-64\" class=\"blau-un\">Lawyers:<\/h2>\n<p id=\"u10058-76\" class=\"blau-un\">All lawyers at WIESE LUKAS are admitted to the bar in the Federal Republic of Germany, have their office in the above-mentioned offices and are members of the Hanseatic Bar Association Hamburg, Valentinskamp 88, 20355 Hamburg, telephone: +49 40 35 74 41-0, fax: +49 40 35 74 41-41, e-mail: <a class=\"nonblock\" href=\"mailto:info@rak-hamburg.de\">info@rak-hamburg.de<\/a>, Internet: <a class=\"nonblock\" href=\"http:\/\/www.rak-hamburg.de\" target=\"_blank\" rel=\"noopener\">www.rak-hamburg.de<\/a>.<\/p>\n<p class=\"blau-un\"><a href=\"https:\/\/www.brak.de\/anwaltschaft\/berufsrecht\/allgemeine-informationen\/#c8007\">Applicable professional regulations<\/a>:<\/p>\n<ul>\n<li id=\"u10058-84\" class=\"blau-un\">Federal Lawyers&#8217; Act (Bundesrechtsanwaltsordnung) (<a href=\"https:\/\/www.gesetze-im-internet.de\/englisch_brao\/englisch_brao.pdf\">BRAO<\/a>)<\/li>\n<li id=\"u10058-86\" class=\"blau-un\">Professional Code of Conduct for Lawyers (Berufsordnung f\u00fcr Rechtsanw\u00e4lte) (<a href=\"https:\/\/www.brak.de\/fileadmin\/02_fuer_anwaelte\/berufsrecht\/BORA_Stand_01.10.2022_en.pdf\">BORA<\/a>)<\/li>\n<li id=\"u10058-88\" class=\"blau-un\">Specialist Lawyer Regulations (Fachanwaltsordnung) (<a href=\"https:\/\/www.brak.de\/fileadmin\/02_fuer_anwaelte\/berufsrecht\/fao-stand-01.06.2022.pdf\">FAO<\/a>)<\/li>\n<li id=\"u10058-90\" class=\"blau-un\">Lawyers&#8217; Remuneration Act (Rechtsanwaltsverg\u00fctungsgesetz) (<a href=\"https:\/\/www.gesetze-im-internet.de\/englisch_rvg\/index.html\">RVG<\/a>)<\/li>\n<li id=\"u10058-92\" class=\"blau-un\">Law on the Activities of European Lawyers in Germany (Gesetz \u00fcber die T\u00e4tigkeit europ\u00e4ischer Rechtsanw\u00e4lte in Deutschland) (<a href=\"https:\/\/www.gesetze-im-internet.de\/eurag\/index.html\">EuRAG<\/a>)<\/li>\n<li id=\"u10058-94\" class=\"blau-un\">Code of Conduct for European Lawyers (Berufsregeln der europ\u00e4ischen Rechtsanw\u00e4lte) (<a href=\"https:\/\/www.brak.de\/fileadmin\/02_fuer_anwaelte\/Berufsregeln_Mai%202006_090615.pdf\">CCBE<\/a>)<\/li>\n<\/ul>\n<h2 id=\"u10058-97\" class=\"blau-un\"><span id=\"u10058-96\">Tax advisors<\/span><\/h2>\n<p id=\"u10058-116\" class=\"blau-un\">All tax advisors of WIESE LUKAS are admitted in the Federal Republic of Germany, have their office in the above-mentioned offices and are members of the Hamburg Chamber of Tax Consultants, Raboisen 32, 20095 Hamburg, telephone: +49 40 44 80 43-0, Fax: +49 40 44 58 85, E-mail: <a class=\"nonblock\" href=\"mailto:mail@stbk-hamburg.de\">mail@stbk-hamburg.de<\/a>, Internet: <a class=\"nonblock\" href=\"http:\/\/www.stbk-hamburg.de\/\" target=\"_blank\" rel=\"noopener\">www.stbk-hamburg.de<\/a>.<\/p>\n<p class=\"blau-un\">Applicable professional regulations:<\/p>\n<ul>\n<li id=\"u10058-118\" class=\"blau-un\">Tax Consultancy Act (Steuerberatungsgesetz) (<a href=\"https:\/\/www.gesetze-im-internet.de\/stberg\/index.html\">StBerG<\/a>)<\/li>\n<li id=\"u10058-120\" class=\"blau-un\">Implementing Ordinance to the Tax Consultancy Act (Durchf\u00fchrungsverordnung zum Steuerberatungsgesetz) (<a href=\"https:\/\/www.gesetze-im-internet.de\/stbdv\/index.html\">DVStB<\/a>)<\/li>\n<li id=\"u10058-122\" class=\"blau-un\">Professional Code of Conduct of the Federal Chamber of Tax Consultants (Berufsordnung der Bundessteuerberaterkammer) (<a href=\"https:\/\/www.bstbk.de\/de\/themen\/berufsrecht\/steuerberatungsrecht\">BOStB<\/a>)<\/li>\n<li id=\"u10058-124\" class=\"blau-un\">Remuneration Ordinance for Tax Consultants (Verg\u00fctungsverordnung f\u00fcr Steuerberater) (<a href=\"https:\/\/www.gesetze-im-internet.de\/stbgebv\/BJNR014420981.html\">StBVV<\/a>)<\/li>\n<\/ul>\n<p id=\"u10058-126\" class=\"blau-un\">For lawyers and tax advisors, professional supplements to the Anti-Money Laundering Act (GwG) as well as professional information obligations according to the Service Information Obligations Ordinance (DL-InfoV) and the Telemedia Act (TMG) also apply.<\/p>\n<h2 id=\"u10058-129\" class=\"blau-un\"><span id=\"u10058-128\">Copyright<\/span><\/h2>\n<p id=\"u10058-131\" class=\"blau-un\">The content and structure of this website are protected by copyright. Any reproduction, transmission or distribution of the content of this website, in particular by downloading, saving or printing texts, parts of texts or images, requires the express written consent of WIESE LUKAS<\/p>\n<h2 id=\"u10058-134\" class=\"blau-un\"><span id=\"u10058-133\">Information and liability<\/span><\/h2>\n<p id=\"u10058-136\" class=\"blau-un\">The information on these web pages serves to present the partnership WIESE LUKAS and does not constitute legal advice, nor can it replace such advice. Every effort has been made to ensure the accuracy of the information and links contained on these web pages. However, any liability in connection with the use of the information, links or reliance on their accuracy is excluded. The operators of the linked websites are solely responsible for their content.<\/p>\n<h2 id=\"u10058-139\" class=\"blau-un\"><span id=\"u10058-138\">Liability insurance<\/span><\/h2>\n<p id=\"u10058-141\" class=\"blau-un\">Professional liability insurance with worldwide coverage is provided by Allianz Versicherungs-Aktiengesellschaft.<\/p>\n<h2 id=\"u10058-144\" class=\"blau-un\"><span id=\"u10058-143\">Applicable law<\/span><\/h2>\n<p id=\"u10058-146\" class=\"blau-un\">The legal information on this website as well as all questions and disputes in connection with this website are subject to the law of the Federal Republic of Germany.<\/p>\n<h2 id=\"u10058-149\" class=\"blau-un\"><span id=\"u10058-148\">Web design<\/span><\/h2>\n<p id=\"u10058-151\" class=\"blau-un\">Format Design Visual Identities GmbH, Hamburg<br \/>\n<a class=\"nonblock\" href=\"http:\/\/www.format-design.com\/\">www.format-design.com<\/a><\/p>\n<h2>Programming<\/h2>\n<p>Daniel Schilke Visuelle Kommunikation<br \/>\n<a href=\"https:\/\/www.danielschilke.de\" target=\"_blank\" rel=\"noopener\">www.danielschilke.de<\/a><\/p>\n<h2 id=\"u10058-157\" class=\"blau-un\"><span id=\"u10058-156\">Photography<\/span><\/h2>\n<p id=\"u10058-163\" class=\"blau-un\">Christian O. Bruch, Hamburg<a class=\"nonblock\" href=\"http:\/\/www.format-design.com\/\"><br \/>\n<\/a><a class=\"nonblock\" href=\"http:\/\/www.christianbruch.de\/\" target=\"_blank\" rel=\"noopener\">www.christianbruch.de<\/a><\/p>\n<p>David B\u00f6ttcher, Hamburg<br \/>\n<a href=\"https:\/\/www.unanim.de\/\" target=\"_blank\" rel=\"noopener\">www.unanim.de<\/a><\/p>\n<p id=\"u10058-166\" class=\"blau-un\"><span id=\"u10058-165\">Responsible editors within the meaning of \u00a7 18 para. 2 MStV (each for the complete content)<\/span><\/p>\n<p id=\"u10058-168\" class=\"blau-un\">RA\/StB\/FAStR Prof. Dr. G\u00f6tz T. Wiese<\/p>\n<p id=\"u10058-170\" class=\"blau-un\">RA\/StB Dr. Philipp Lukas, LL.M. (American Univ.)<\/p>\n<p id=\"u10058-170\" class=\"blau-un\">RA\/StB Dr. Ulrich Wilke, LL.M. (Cambridge)<\/p>\n<p id=\"u10058-172\" class=\"blau-un\">WIESE LUKAS Partnerschaft von Rechtsanw\u00e4lten und Steuerberatern mbB<\/p>\n<p id=\"u10058-174\" class=\"blau-un\">Gerhofstra\u00dfe 2<br \/>\n20354 Hamburg<\/p>\n","protected":false},"excerpt":{"rendered":"<p>at the same time List of partners<a class=\"read-more primary-color\" href=\"https:\/\/www.wieselukas.de\/en\/imprint\/\"> \u2026<\/a><\/p>\n","protected":false},"author":1,"featured_media":0,"parent":0,"menu_order":99,"comment_status":"closed","ping_status":"closed","template":"","meta":{"_acf_changed":false,"inline_featured_image":false,"footnotes":""},"class_list":["post-280","page","type-page","status-publish","hentry"],"acf":[],"yoast_head":"<!-- This site is optimized with the Yoast SEO plugin v27.2 - https:\/\/yoast.com\/product\/yoast-seo-wordpress\/ -->\n<title>Imprint &#8211; Wiese Lukas<\/title>\n<meta name=\"robots\" content=\"noindex, follow\" \/>\n<meta property=\"og:locale\" content=\"en_US\" \/>\n<meta property=\"og:type\" content=\"article\" \/>\n<meta property=\"og:title\" content=\"Imprint &#8211; Wiese Lukas\" \/>\n<meta property=\"og:description\" content=\"at the same time List of partners \u2026\" \/>\n<meta property=\"og:url\" content=\"https:\/\/www.wieselukas.de\/en\/imprint\/\" \/>\n<meta property=\"og:site_name\" content=\"Wiese Lukas\" \/>\n<meta property=\"article:modified_time\" content=\"2025-11-13T15:22:19+00:00\" \/>\n<meta property=\"og:image\" content=\"https:\/\/www.wieselukas.de\/wp-content\/uploads\/wiese-lukas_hamburg-binnenalster_2023.jpg\" \/>\n\t<meta property=\"og:image:width\" content=\"2000\" \/>\n\t<meta property=\"og:image:height\" content=\"1508\" \/>\n\t<meta property=\"og:image:type\" content=\"image\/jpeg\" \/>\n<meta name=\"twitter:card\" content=\"summary_large_image\" \/>\n<meta name=\"twitter:label1\" content=\"Est. reading time\" \/>\n\t<meta name=\"twitter:data1\" content=\"3 minutes\" \/>\n<script type=\"application\/ld+json\" class=\"yoast-schema-graph\">{\"@context\":\"https:\/\/schema.org\",\"@graph\":[{\"@type\":\"WebPage\",\"@id\":\"https:\/\/www.wieselukas.de\/en\/imprint\/\",\"url\":\"https:\/\/www.wieselukas.de\/en\/imprint\/\",\"name\":\"Imprint &#8211; Wiese Lukas\",\"isPartOf\":{\"@id\":\"https:\/\/www.wieselukas.de\/#website\"},\"datePublished\":\"2023-04-12T13:52:19+00:00\",\"dateModified\":\"2025-11-13T15:22:19+00:00\",\"breadcrumb\":{\"@id\":\"https:\/\/www.wieselukas.de\/en\/imprint\/#breadcrumb\"},\"inLanguage\":\"en-US\",\"potentialAction\":[{\"@type\":\"ReadAction\",\"target\":[\"https:\/\/www.wieselukas.de\/en\/imprint\/\"]}]},{\"@type\":\"BreadcrumbList\",\"@id\":\"https:\/\/www.wieselukas.de\/en\/imprint\/#breadcrumb\",\"itemListElement\":[{\"@type\":\"ListItem\",\"position\":1,\"name\":\"Startseite\",\"item\":\"https:\/\/www.wieselukas.de\/en\/\"},{\"@type\":\"ListItem\",\"position\":2,\"name\":\"Imprint\"}]},{\"@type\":\"WebSite\",\"@id\":\"https:\/\/www.wieselukas.de\/#website\",\"url\":\"https:\/\/www.wieselukas.de\/\",\"name\":\"Wiese Lukas\",\"description\":\"Steuern und Unternehmensrecht\",\"publisher\":{\"@id\":\"https:\/\/www.wieselukas.de\/#organization\"},\"potentialAction\":[{\"@type\":\"SearchAction\",\"target\":{\"@type\":\"EntryPoint\",\"urlTemplate\":\"https:\/\/www.wieselukas.de\/?s={search_term_string}\"},\"query-input\":{\"@type\":\"PropertyValueSpecification\",\"valueRequired\":true,\"valueName\":\"search_term_string\"}}],\"inLanguage\":\"en-US\"},{\"@type\":\"Organization\",\"@id\":\"https:\/\/www.wieselukas.de\/#organization\",\"name\":\"Wiese Lukas\",\"url\":\"https:\/\/www.wieselukas.de\/\",\"logo\":{\"@type\":\"ImageObject\",\"inLanguage\":\"en-US\",\"@id\":\"https:\/\/www.wieselukas.de\/#\/schema\/logo\/image\/\",\"url\":\"https:\/\/www.wieselukas.de\/wp-content\/uploads\/wiese-lukas_logo.svg\",\"contentUrl\":\"https:\/\/www.wieselukas.de\/wp-content\/uploads\/wiese-lukas_logo.svg\",\"width\":1,\"height\":1,\"caption\":\"Wiese Lukas\"},\"image\":{\"@id\":\"https:\/\/www.wieselukas.de\/#\/schema\/logo\/image\/\"}}]}<\/script>\n<!-- \/ Yoast SEO plugin. -->","yoast_head_json":{"title":"Imprint &#8211; Wiese Lukas","robots":{"index":"noindex","follow":"follow"},"og_locale":"en_US","og_type":"article","og_title":"Imprint &#8211; Wiese Lukas","og_description":"at the same time List of partners \u2026","og_url":"https:\/\/www.wieselukas.de\/en\/imprint\/","og_site_name":"Wiese Lukas","article_modified_time":"2025-11-13T15:22:19+00:00","og_image":[{"width":2000,"height":1508,"url":"https:\/\/www.wieselukas.de\/wp-content\/uploads\/wiese-lukas_hamburg-binnenalster_2023.jpg","type":"image\/jpeg"}],"twitter_card":"summary_large_image","twitter_misc":{"Est. reading time":"3 minutes"},"schema":{"@context":"https:\/\/schema.org","@graph":[{"@type":"WebPage","@id":"https:\/\/www.wieselukas.de\/en\/imprint\/","url":"https:\/\/www.wieselukas.de\/en\/imprint\/","name":"Imprint &#8211; Wiese Lukas","isPartOf":{"@id":"https:\/\/www.wieselukas.de\/#website"},"datePublished":"2023-04-12T13:52:19+00:00","dateModified":"2025-11-13T15:22:19+00:00","breadcrumb":{"@id":"https:\/\/www.wieselukas.de\/en\/imprint\/#breadcrumb"},"inLanguage":"en-US","potentialAction":[{"@type":"ReadAction","target":["https:\/\/www.wieselukas.de\/en\/imprint\/"]}]},{"@type":"BreadcrumbList","@id":"https:\/\/www.wieselukas.de\/en\/imprint\/#breadcrumb","itemListElement":[{"@type":"ListItem","position":1,"name":"Startseite","item":"https:\/\/www.wieselukas.de\/en\/"},{"@type":"ListItem","position":2,"name":"Imprint"}]},{"@type":"WebSite","@id":"https:\/\/www.wieselukas.de\/#website","url":"https:\/\/www.wieselukas.de\/","name":"Wiese Lukas","description":"Steuern und Unternehmensrecht","publisher":{"@id":"https:\/\/www.wieselukas.de\/#organization"},"potentialAction":[{"@type":"SearchAction","target":{"@type":"EntryPoint","urlTemplate":"https:\/\/www.wieselukas.de\/?s={search_term_string}"},"query-input":{"@type":"PropertyValueSpecification","valueRequired":true,"valueName":"search_term_string"}}],"inLanguage":"en-US"},{"@type":"Organization","@id":"https:\/\/www.wieselukas.de\/#organization","name":"Wiese Lukas","url":"https:\/\/www.wieselukas.de\/","logo":{"@type":"ImageObject","inLanguage":"en-US","@id":"https:\/\/www.wieselukas.de\/#\/schema\/logo\/image\/","url":"https:\/\/www.wieselukas.de\/wp-content\/uploads\/wiese-lukas_logo.svg","contentUrl":"https:\/\/www.wieselukas.de\/wp-content\/uploads\/wiese-lukas_logo.svg","width":1,"height":1,"caption":"Wiese Lukas"},"image":{"@id":"https:\/\/www.wieselukas.de\/#\/schema\/logo\/image\/"}}]}},"_links":{"self":[{"href":"https:\/\/www.wieselukas.de\/en\/wp-json\/wp\/v2\/pages\/280","targetHints":{"allow":["GET"]}}],"collection":[{"href":"https:\/\/www.wieselukas.de\/en\/wp-json\/wp\/v2\/pages"}],"about":[{"href":"https:\/\/www.wieselukas.de\/en\/wp-json\/wp\/v2\/types\/page"}],"author":[{"embeddable":true,"href":"https:\/\/www.wieselukas.de\/en\/wp-json\/wp\/v2\/users\/1"}],"replies":[{"embeddable":true,"href":"https:\/\/www.wieselukas.de\/en\/wp-json\/wp\/v2\/comments?post=280"}],"version-history":[{"count":0,"href":"https:\/\/www.wieselukas.de\/en\/wp-json\/wp\/v2\/pages\/280\/revisions"}],"wp:attachment":[{"href":"https:\/\/www.wieselukas.de\/en\/wp-json\/wp\/v2\/media?parent=280"}],"curies":[{"name":"wp","href":"https:\/\/api.w.org\/{rel}","templated":true}]}}